{"id":4738,"date":"2025-10-15T15:43:52","date_gmt":"2025-10-15T15:43:52","guid":{"rendered":"http:\/\/produto\/media-training-para-medicos-02-10-15h-copia"},"modified":"2025-10-31T18:50:05","modified_gmt":"2025-10-31T18:50:05","slug":"media-training-para-medicos-29-11-08h","status":"publish","type":"product","link":"https:\/\/wearesmart.com.br\/en\/produto\/media-training-para-medicos-29-11-08h\/","title":{"rendered":"Media Training para M\u00e9dicos &#8211; 29\/11 08h"},"content":{"rendered":"<div class=\"elementor-element elementor-element-a8f85b6 elementor-widget__width-initial elementor-widget-tablet__width-inherit elementor-widget elementor-widget-heading animated fadeInUp\" data-id=\"a8f85b6\" data-element_type=\"widget\" data-settings=\"{&quot;_animation&quot;:&quot;fadeInUp&quot;}\" data-widget_type=\"heading.default\">\n<div class=\"elementor-widget-container\">\n<h3 class=\"elementor-heading-title elementor-size-default\">Smart Academy<em><br \/>\n<\/em><strong><span style=\"font-size: 48px; letter-spacing: -0.0415625em; font-family: 'Inter var', -apple-system, BlinkMacSystemFont, 'Helvetica Neue', Helvetica, sans-serif;\">MEDIA TRAINING PARA\u00a0M\u00c9DICOS<\/span><\/strong><\/h3>\n<\/div>\n<\/div>\n<div class=\"elementor-element elementor-element-c8fd291 elementor-widget__width-initial elementor-widget elementor-widget-text-editor\" data-id=\"c8fd291\" data-element_type=\"widget\" data-widget_type=\"text-editor.default\">\n<div class=\"elementor-widget-container\">\n<p><b>Fa\u00e7a parte da Smart List de Sa\u00fade, um grupo seleto de m\u00e9dicos treinados para dar entrevistas.<br \/>\n<\/b><\/p>\n<p>\u2013 Torne-se fonte para a imprensa e amplie seu impacto na sociedade.<br \/>\n\u2013 Aprenda a dar entrevistas estrat\u00e9gicas para a m\u00eddia de sa\u00fade.<br \/>\n\u2013 Saiba como suas redes sociais podem combater a desinforma\u00e7\u00e3o.<\/p>\n<\/div>\n<ul>\n<li>Voc\u00ea far\u00e1 parte da\u00a0<strong>Smart List de Sa\u00fade<\/strong>, uma lista de m\u00e9dicos treinados, que ser\u00e1 divulgada mensalmente para a imprensa nacional de sa\u00fade.<\/li>\n<li>Ser\u00e1 entrevistado (a) por jornalistas premiados da TV brasileira.<\/li>\n<li>Aprender\u00e1 como se preparar para diversos tipos de mat\u00e9rias de sa\u00fade.<\/li>\n<li>Saber\u00e1 como funciona os bastidores da m\u00eddia de sa\u00fade.<\/li>\n<li>Receber\u00e1 um diagn\u00f3stico dos seus perfis nas redes sociais.<\/li>\n<li>Ser\u00e1 fotografado (a) e receber\u00e1 fotos especialmente tratadas para divulga\u00e7\u00e3o.<\/li>\n<\/ul>\n<h2><strong>O Media Training para M\u00e9dicos\u00a0vai ajudar voc\u00ea a:<\/strong><\/h2>\n<ul>\n<li>\n<p class=\"p1\">Tornar-se fonte para TV, jornais, revistas e podcasts<\/p>\n<\/li>\n<li>\n<p class=\"p1\">Combater a desinforma\u00e7\u00e3o<\/p>\n<\/li>\n<li>\n<p class=\"p1\">Transformar sua experi\u00eancia e conhecimento em valor para mais pessoas<\/p>\n<\/li>\n<\/ul>\n<\/div>\n","protected":false},"excerpt":{"rendered":"<p><strong>Data:<\/strong> 29\/11\/2025 | das 08h \u2013 14h\u00a0<strong><br \/>\n<\/strong><strong>Local:<\/strong>\u00a0Smart. Alameda Santos, 2224. 5\u00ba andar<br \/>\n<strong>Carga hor\u00e1ria:<\/strong>\u00a06 horas | M\u00e1ximo 7 participantes<\/p>\n<p>Participe do Media Training para M\u00e9dicos da Smart Academy e aprenda t\u00e9cnicas pr\u00e1ticas de comunica\u00e7\u00e3o que aumentam sua visibilidade na imprensa e no digital. Em apenas 6 horas, voc\u00ea far\u00e1 simula\u00e7\u00f5es reais de entrevistas, receber\u00e1 diagn\u00f3stico das suas redes sociais, fotos profissionais e frameworks exclusivos para fortalecer sua autoridade. Al\u00e9m disso, far\u00e1 parte da <strong data-start=\"506\" data-end=\"529\">Smart List de Sa\u00fade<\/strong>, um mailing de m\u00e9dicos indicados como fontes confi\u00e1veis para jornalistas.<\/p>\n","protected":false},"featured_media":4809,"template":"","meta":[],"product_brand":[119],"product_cat":[107],"product_tag":[113,114,115,111,110,116,112,108,109,117],"class_list":{"0":"post-4738","1":"product","2":"type-product","3":"status-publish","4":"has-post-thumbnail","6":"product_brand-smart-academy","7":"product_cat-media-training-para-medicos","8":"product_tag-comunicacao-em-saude","9":"product_tag-comunicacao-estrategica-para-medicos","10":"product_tag-comunicacao-etica-medica","11":"product_tag-comunicacao-medica","12":"product_tag-curso-de-comunicacao-para-medicos","13":"product_tag-curso-de-media-training-27-09","14":"product_tag-curso-livre-para-medicos","15":"product_tag-media-training-para-medicos","16":"product_tag-media-training-sao-paulo","17":"product_tag-smart-academy","19":"first","20":"instock","21":"sale","22":"virtual","23":"taxable","24":"purchasable","25":"product-type-simple"},"yoast_head":"<!-- This site is optimized with the Yoast SEO plugin v27.0 - https:\/\/yoast.com\/product\/yoast-seo-wordpress\/ -->\n<title>Media Training para M\u00e9dicos - 29\/11 08h - Smart<\/title>\n<meta name=\"description\" content=\"Garanta sua vaga no Media Training para M\u00e9dicos da Smart. Comunica\u00e7\u00e3o estrat\u00e9gica, entrevistas simuladas e inclus\u00e3o no mailing exclusivo. Dia 30\/10\" \/>\n<meta name=\"robots\" content=\"index, follow, max-snippet:-1, max-image-preview:large, max-video-preview:-1\" \/>\n<link rel=\"canonical\" href=\"https:\/\/wearesmart.com.br\/en\/produto\/media-training-para-medicos-29-11-08h\/\" \/>\n<meta property=\"og:locale\" content=\"en_US\" \/>\n<meta property=\"og:type\" content=\"article\" \/>\n<meta property=\"og:title\" content=\"Media Training para M\u00e9dicos - 29\/11 08h - Smart\" \/>\n<meta property=\"og:description\" content=\"Garanta sua vaga no Media Training para M\u00e9dicos da Smart. Comunica\u00e7\u00e3o estrat\u00e9gica, entrevistas simuladas e inclus\u00e3o no mailing exclusivo. Dia 30\/10\" \/>\n<meta property=\"og:url\" content=\"https:\/\/wearesmart.com.br\/en\/produto\/media-training-para-medicos-29-11-08h\/\" \/>\n<meta property=\"og:site_name\" content=\"Smart\" \/>\n<meta property=\"article:publisher\" content=\"https:\/\/www.facebook.com\/smartprbrazil\" \/>\n<meta property=\"article:modified_time\" content=\"2025-10-31T18:50:05+00:00\" \/>\n<meta property=\"og:image\" content=\"https:\/\/wearesmart.com.br\/wp-content\/uploads\/2025\/10\/smart-academy-media-training-para-medicos-2911.jpg\" \/>\n\t<meta property=\"og:image:width\" content=\"900\" \/>\n\t<meta property=\"og:image:height\" content=\"900\" \/>\n\t<meta property=\"og:image:type\" content=\"image\/jpeg\" \/>\n<meta name=\"twitter:card\" content=\"summary_large_image\" \/>\n<meta name=\"twitter:label1\" content=\"Est. reading time\" \/>\n\t<meta name=\"twitter:data1\" content=\"2 minutes\" \/>\n<script type=\"application\/ld+json\" class=\"yoast-schema-graph\">{\"@context\":\"https:\/\/schema.org\",\"@graph\":[{\"@type\":\"WebPage\",\"@id\":\"https:\/\/wearesmart.com.br\/en\/produto\/media-training-para-medicos-29-11-08h\/\",\"url\":\"https:\/\/wearesmart.com.br\/en\/produto\/media-training-para-medicos-29-11-08h\/\",\"name\":\"Media Training para M\u00e9dicos - 29\/11 08h - Smart\",\"isPartOf\":{\"@id\":\"https:\/\/wearesmart.com.br\/en\/#website\"},\"primaryImageOfPage\":{\"@id\":\"https:\/\/wearesmart.com.br\/en\/produto\/media-training-para-medicos-29-11-08h\/#primaryimage\"},\"image\":{\"@id\":\"https:\/\/wearesmart.com.br\/en\/produto\/media-training-para-medicos-29-11-08h\/#primaryimage\"},\"thumbnailUrl\":\"https:\/\/wearesmart.com.br\/wp-content\/uploads\/2025\/10\/smart-academy-media-training-para-medicos-2911.jpg\",\"datePublished\":\"2025-10-15T15:43:52+00:00\",\"dateModified\":\"2025-10-31T18:50:05+00:00\",\"description\":\"Garanta sua vaga no Media Training para M\u00e9dicos da Smart. Comunica\u00e7\u00e3o estrat\u00e9gica, entrevistas simuladas e inclus\u00e3o no mailing exclusivo. Dia 30\/10\",\"breadcrumb\":{\"@id\":\"https:\/\/wearesmart.com.br\/en\/produto\/media-training-para-medicos-29-11-08h\/#breadcrumb\"},\"inLanguage\":\"en-US\",\"potentialAction\":[{\"@type\":\"ReadAction\",\"target\":[\"https:\/\/wearesmart.com.br\/en\/produto\/media-training-para-medicos-29-11-08h\/\"]}]},{\"@type\":\"ImageObject\",\"inLanguage\":\"en-US\",\"@id\":\"https:\/\/wearesmart.com.br\/en\/produto\/media-training-para-medicos-29-11-08h\/#primaryimage\",\"url\":\"https:\/\/wearesmart.com.br\/wp-content\/uploads\/2025\/10\/smart-academy-media-training-para-medicos-2911.jpg\",\"contentUrl\":\"https:\/\/wearesmart.com.br\/wp-content\/uploads\/2025\/10\/smart-academy-media-training-para-medicos-2911.jpg\",\"width\":900,\"height\":900},{\"@type\":\"BreadcrumbList\",\"@id\":\"https:\/\/wearesmart.com.br\/en\/produto\/media-training-para-medicos-29-11-08h\/#breadcrumb\",\"itemListElement\":[{\"@type\":\"ListItem\",\"position\":1,\"name\":\"In\u00edcio\",\"item\":\"https:\/\/wearesmart.com.br\/en\/\"},{\"@type\":\"ListItem\",\"position\":2,\"name\":\"Loja\",\"item\":\"https:\/\/wearesmart.com.br\/loja\/\"},{\"@type\":\"ListItem\",\"position\":3,\"name\":\"Media Training para M\u00e9dicos &#8211; 29\/11 08h\"}]},{\"@type\":\"WebSite\",\"@id\":\"https:\/\/wearesmart.com.br\/en\/#website\",\"url\":\"https:\/\/wearesmart.com.br\/en\/\",\"name\":\"Smart\",\"description\":\"The Brazilian\u00a0Agency\",\"publisher\":{\"@id\":\"https:\/\/wearesmart.com.br\/en\/#organization\"},\"potentialAction\":[{\"@type\":\"SearchAction\",\"target\":{\"@type\":\"EntryPoint\",\"urlTemplate\":\"https:\/\/wearesmart.com.br\/en\/?s={search_term_string}\"},\"query-input\":{\"@type\":\"PropertyValueSpecification\",\"valueRequired\":true,\"valueName\":\"search_term_string\"}}],\"inLanguage\":\"en-US\"},{\"@type\":\"Organization\",\"@id\":\"https:\/\/wearesmart.com.br\/en\/#organization\",\"name\":\"Smart\",\"url\":\"https:\/\/wearesmart.com.br\/en\/\",\"logo\":{\"@type\":\"ImageObject\",\"inLanguage\":\"en-US\",\"@id\":\"https:\/\/wearesmart.com.br\/en\/#\/schema\/logo\/image\/\",\"url\":\"https:\/\/wearesmart.com.br\/wp-content\/uploads\/2025\/05\/LOGO_SMART_b-scaled.png\",\"contentUrl\":\"https:\/\/wearesmart.com.br\/wp-content\/uploads\/2025\/05\/LOGO_SMART_b-scaled.png\",\"width\":2560,\"height\":909,\"caption\":\"Smart\"},\"image\":{\"@id\":\"https:\/\/wearesmart.com.br\/en\/#\/schema\/logo\/image\/\"},\"sameAs\":[\"https:\/\/www.facebook.com\/smartprbrazil\"]}]}<\/script>\n<!-- \/ Yoast SEO plugin. -->","yoast_head_json":{"title":"Media Training para M\u00e9dicos - 29\/11 08h - Smart","description":"Garanta sua vaga no Media Training para M\u00e9dicos da Smart. Comunica\u00e7\u00e3o estrat\u00e9gica, entrevistas simuladas e inclus\u00e3o no mailing exclusivo. Dia 30\/10","robots":{"index":"index","follow":"follow","max-snippet":"max-snippet:-1","max-image-preview":"max-image-preview:large","max-video-preview":"max-video-preview:-1"},"canonical":"https:\/\/wearesmart.com.br\/en\/produto\/media-training-para-medicos-29-11-08h\/","og_locale":"en_US","og_type":"article","og_title":"Media Training para M\u00e9dicos - 29\/11 08h - Smart","og_description":"Garanta sua vaga no Media Training para M\u00e9dicos da Smart. Comunica\u00e7\u00e3o estrat\u00e9gica, entrevistas simuladas e inclus\u00e3o no mailing exclusivo. Dia 30\/10","og_url":"https:\/\/wearesmart.com.br\/en\/produto\/media-training-para-medicos-29-11-08h\/","og_site_name":"Smart","article_publisher":"https:\/\/www.facebook.com\/smartprbrazil","article_modified_time":"2025-10-31T18:50:05+00:00","og_image":[{"width":900,"height":900,"url":"https:\/\/wearesmart.com.br\/wp-content\/uploads\/2025\/10\/smart-academy-media-training-para-medicos-2911.jpg","type":"image\/jpeg"}],"twitter_card":"summary_large_image","twitter_misc":{"Est. reading time":"2 minutes"},"schema":{"@context":"https:\/\/schema.org","@graph":[{"@type":"WebPage","@id":"https:\/\/wearesmart.com.br\/en\/produto\/media-training-para-medicos-29-11-08h\/","url":"https:\/\/wearesmart.com.br\/en\/produto\/media-training-para-medicos-29-11-08h\/","name":"Media Training para M\u00e9dicos - 29\/11 08h - Smart","isPartOf":{"@id":"https:\/\/wearesmart.com.br\/en\/#website"},"primaryImageOfPage":{"@id":"https:\/\/wearesmart.com.br\/en\/produto\/media-training-para-medicos-29-11-08h\/#primaryimage"},"image":{"@id":"https:\/\/wearesmart.com.br\/en\/produto\/media-training-para-medicos-29-11-08h\/#primaryimage"},"thumbnailUrl":"https:\/\/wearesmart.com.br\/wp-content\/uploads\/2025\/10\/smart-academy-media-training-para-medicos-2911.jpg","datePublished":"2025-10-15T15:43:52+00:00","dateModified":"2025-10-31T18:50:05+00:00","description":"Garanta sua vaga no Media Training para M\u00e9dicos da Smart. Comunica\u00e7\u00e3o estrat\u00e9gica, entrevistas simuladas e inclus\u00e3o no mailing exclusivo. Dia 30\/10","breadcrumb":{"@id":"https:\/\/wearesmart.com.br\/en\/produto\/media-training-para-medicos-29-11-08h\/#breadcrumb"},"inLanguage":"en-US","potentialAction":[{"@type":"ReadAction","target":["https:\/\/wearesmart.com.br\/en\/produto\/media-training-para-medicos-29-11-08h\/"]}]},{"@type":"ImageObject","inLanguage":"en-US","@id":"https:\/\/wearesmart.com.br\/en\/produto\/media-training-para-medicos-29-11-08h\/#primaryimage","url":"https:\/\/wearesmart.com.br\/wp-content\/uploads\/2025\/10\/smart-academy-media-training-para-medicos-2911.jpg","contentUrl":"https:\/\/wearesmart.com.br\/wp-content\/uploads\/2025\/10\/smart-academy-media-training-para-medicos-2911.jpg","width":900,"height":900},{"@type":"BreadcrumbList","@id":"https:\/\/wearesmart.com.br\/en\/produto\/media-training-para-medicos-29-11-08h\/#breadcrumb","itemListElement":[{"@type":"ListItem","position":1,"name":"In\u00edcio","item":"https:\/\/wearesmart.com.br\/en\/"},{"@type":"ListItem","position":2,"name":"Loja","item":"https:\/\/wearesmart.com.br\/loja\/"},{"@type":"ListItem","position":3,"name":"Media Training para M\u00e9dicos &#8211; 29\/11 08h"}]},{"@type":"WebSite","@id":"https:\/\/wearesmart.com.br\/en\/#website","url":"https:\/\/wearesmart.com.br\/en\/","name":"Smart","description":"The Brazilian\u00a0Agency","publisher":{"@id":"https:\/\/wearesmart.com.br\/en\/#organization"},"potentialAction":[{"@type":"SearchAction","target":{"@type":"EntryPoint","urlTemplate":"https:\/\/wearesmart.com.br\/en\/?s={search_term_string}"},"query-input":{"@type":"PropertyValueSpecification","valueRequired":true,"valueName":"search_term_string"}}],"inLanguage":"en-US"},{"@type":"Organization","@id":"https:\/\/wearesmart.com.br\/en\/#organization","name":"Smart","url":"https:\/\/wearesmart.com.br\/en\/","logo":{"@type":"ImageObject","inLanguage":"en-US","@id":"https:\/\/wearesmart.com.br\/en\/#\/schema\/logo\/image\/","url":"https:\/\/wearesmart.com.br\/wp-content\/uploads\/2025\/05\/LOGO_SMART_b-scaled.png","contentUrl":"https:\/\/wearesmart.com.br\/wp-content\/uploads\/2025\/05\/LOGO_SMART_b-scaled.png","width":2560,"height":909,"caption":"Smart"},"image":{"@id":"https:\/\/wearesmart.com.br\/en\/#\/schema\/logo\/image\/"},"sameAs":["https:\/\/www.facebook.com\/smartprbrazil"]}]}},"_links":{"self":[{"href":"https:\/\/wearesmart.com.br\/en\/wp-json\/wp\/v2\/product\/4738","targetHints":{"allow":["GET"]}}],"collection":[{"href":"https:\/\/wearesmart.com.br\/en\/wp-json\/wp\/v2\/product"}],"about":[{"href":"https:\/\/wearesmart.com.br\/en\/wp-json\/wp\/v2\/types\/product"}],"wp:featuredmedia":[{"embeddable":true,"href":"https:\/\/wearesmart.com.br\/en\/wp-json\/wp\/v2\/media\/4809"}],"wp:attachment":[{"href":"https:\/\/wearesmart.com.br\/en\/wp-json\/wp\/v2\/media?parent=4738"}],"wp:term":[{"taxonomy":"product_brand","embeddable":true,"href":"https:\/\/wearesmart.com.br\/en\/wp-json\/wp\/v2\/product_brand?post=4738"},{"taxonomy":"product_cat","embeddable":true,"href":"https:\/\/wearesmart.com.br\/en\/wp-json\/wp\/v2\/product_cat?post=4738"},{"taxonomy":"product_tag","embeddable":true,"href":"https:\/\/wearesmart.com.br\/en\/wp-json\/wp\/v2\/product_tag?post=4738"}],"curies":[{"name":"wp","href":"https:\/\/api.w.org\/{rel}","templated":true}]}}